{"id":1986,"date":"2025-01-29T14:56:33","date_gmt":"2025-01-29T13:56:33","guid":{"rendered":"https:\/\/www.pajueloapicultura.com\/escuela\/?page_id=1986"},"modified":"2025-03-06T12:14:16","modified_gmt":"2025-03-06T11:14:16","slug":"tratamiento-de-datos-personales","status":"publish","type":"page","link":"https:\/\/pajueloapicultura.com\/escuela\/tratamiento-de-datos-personales\/","title":{"rendered":"TRATAMIENTO DE DATOS PERSONALES"},"content":{"rendered":"<div class=\"wpb-content-wrapper\"><p>[vc_row css=&#8221;.vc_custom_1741259644926{margin-top: 50px !important;}&#8221;][vc_column][vc_column_text css=&#8221;&#8221;]<\/p>\n<h1>TRATAMIENTO DE DATOS PERSONALES<\/h1>\n<p>PAJUELO CONSULTORES AP\u00cdCOLAS, S.L. es el Responsable del tratamiento de los datos personales del Usuario y le informa que estos datos ser\u00e1n tratados de conformidad con lo dispuesto en el Reglamento (UE) 2016\/679 de 27 de abril de 2016 (GDPR) y la Ley Org\u00e1nica 3\/2018 de 5 de diciembre (LOPDGDD), por lo que se le facilita la siguiente informaci\u00f3n del tratamiento:<\/p>\n<p>Fin del tratamiento: mantener una relaci\u00f3n comercial y el env\u00edo de comunicaciones sobre nuestros productos y servicios.<\/p>\n<p>Criterios de conservaci\u00f3n de los datos: se conservar\u00e1n mientras exista un inter\u00e9s mutuo para mantener el fin del tratamiento y cuando ya no sea necesario para tal fin, se suprimir\u00e1n con medidas de seguridad adecuadas para garantizar la seudonimizaci\u00f3n de los datos o la destrucci\u00f3n total de los mismos.<\/p>\n<p>Comunicaci\u00f3n de los datos: No se comunicar\u00e1n los datos a terceros, salvo obligaci\u00f3n legal.<\/p>\n<p>Derechos que asisten al Usuario:<\/p>\n<p>\u2013 Derecho a retirar el consentimiento en cualquier momento.<\/p>\n<p>\u2013 Derecho de acceso, rectificaci\u00f3n, portabilidad y supresi\u00f3n de sus datos y a la limitaci\u00f3n u oposici\u00f3n al su tratamiento.<\/p>\n<p>\u2013 Derecho a presentar una reclamaci\u00f3n ante la Autoridad de control (agpd.es) si considera que el tratamiento no se ajusta a la normativa vigente.<\/p>\n<p>Datos de contacto para ejercer sus derechos:<\/p>\n<p>Direcci\u00f3n postal: PAJUELO CONSULTORES AP\u00cdCOLAS, S.L.. CALLE SANT MIQUEL, 14 12004 CASTELL\u00d3N DE LA PLANA (CASTELL\u00d3N).<br \/>\nEmail: info@pajueloapicultura.com<\/p>\n<p>Para continuar usted debe aceptar que ha le\u00eddo y est\u00e1 conforme con la cl\u00e1usula anterior.[\/vc_column_text][\/vc_column][\/vc_row]<\/p>\n<\/div>","protected":false},"excerpt":{"rendered":"<p>[vc_row css=&#8221;.vc_custom_1741259644926{margin-top: 50px !important;}&#8221;][vc_column][vc_column_text css=&#8221;&#8221;] TRATAMIENTO DE DATOS PERSONALES PAJUELO CONSULTORES AP\u00cdCOLAS, S.L. es el Responsable del tratamiento de los datos personales del Usuario y le informa que estos datos ser\u00e1n tratados de conformidad con lo dispuesto en el Reglamento (UE) 2016\/679 de 27 de abril de 2016 (GDPR) y la Ley Org\u00e1nica 3\/2018 de [&hellip;]<\/p>\n","protected":false},"author":5,"featured_media":0,"parent":0,"menu_order":0,"comment_status":"closed","ping_status":"closed","template":"","meta":{"_acf_changed":false,"_monsterinsights_skip_tracking":false,"_monsterinsights_sitenote_active":false,"_monsterinsights_sitenote_note":"","_monsterinsights_sitenote_category":0,"footnotes":""},"class_list":["post-1986","page","type-page","status-publish","hentry"],"acf":[],"aioseo_notices":[],"_links":{"self":[{"href":"https:\/\/pajueloapicultura.com\/escuela\/wp-json\/wp\/v2\/pages\/1986","targetHints":{"allow":["GET"]}}],"collection":[{"href":"https:\/\/pajueloapicultura.com\/escuela\/wp-json\/wp\/v2\/pages"}],"about":[{"href":"https:\/\/pajueloapicultura.com\/escuela\/wp-json\/wp\/v2\/types\/page"}],"author":[{"embeddable":true,"href":"https:\/\/pajueloapicultura.com\/escuela\/wp-json\/wp\/v2\/users\/5"}],"replies":[{"embeddable":true,"href":"https:\/\/pajueloapicultura.com\/escuela\/wp-json\/wp\/v2\/comments?post=1986"}],"version-history":[{"count":4,"href":"https:\/\/pajueloapicultura.com\/escuela\/wp-json\/wp\/v2\/pages\/1986\/revisions"}],"predecessor-version":[{"id":2237,"href":"https:\/\/pajueloapicultura.com\/escuela\/wp-json\/wp\/v2\/pages\/1986\/revisions\/2237"}],"wp:attachment":[{"href":"https:\/\/pajueloapicultura.com\/escuela\/wp-json\/wp\/v2\/media?parent=1986"}],"curies":[{"name":"wp","href":"https:\/\/api.w.org\/{rel}","templated":true}]}}